{"id":82,"date":"2020-04-04T13:59:04","date_gmt":"2020-04-04T11:59:04","guid":{"rendered":"https:\/\/demosites.io\/consultants-gb\/?page_id=82"},"modified":"2022-02-05T17:07:27","modified_gmt":"2022-02-05T16:07:27","slug":"b34cf-about","status":"publish","type":"page","link":"https:\/\/roid-consulting.com\/?page_id=82","title":{"rendered":"\u00dcber uns"},"content":{"rendered":"\n<div class=\"wp-block-themeisle-blocks-advanced-columns alignfull has-1-columns has-desktop-equal-layout has-tablet-equal-layout has-mobile-equal-layout has-default-gap has-vertical-unset\" id=\"wp-block-themeisle-blocks-advanced-columns-3c858e48\"><div class=\"wp-block-themeisle-blocks-advanced-columns-overlay\"><\/div><div class=\"innerblocks-wrap\">\n<div class=\"wp-block-themeisle-blocks-advanced-column\" id=\"wp-block-themeisle-blocks-advanced-column-ee4731d8\">\n<h1 id=\"wp-block-themeisle-blocks-advanced-heading-db018eae\" class=\"wp-block-themeisle-blocks-advanced-heading wp-block-themeisle-blocks-advanced-heading-db018eae\">ROID Consulting<\/h1>\n\n\n\n<h2 id=\"wp-block-themeisle-blocks-advanced-heading-88d15e20\" class=\"wp-block-themeisle-blocks-advanced-heading wp-block-themeisle-blocks-advanced-heading-88d15e20\">Ein starkes Team mit viel Erfahrung<\/h2>\n\n\n\n<hr class=\"wp-block-separator has-text-color has-background has-nv-text-dark-bg-background-color has-nv-text-dark-bg-color\"\/>\n<\/div>\n<\/div><\/div>\n\n\n\n<div class=\"wp-block-themeisle-blocks-advanced-columns alignfull has-2-columns has-desktop-equal-layout has-tablet-equal-layout has-mobile-collapsedRows-layout has-nogap-gap has-vertical-unset\" id=\"wp-block-themeisle-blocks-advanced-columns-0c85b2a1\"><div class=\"wp-block-themeisle-blocks-advanced-columns-overlay\"><\/div><div class=\"innerblocks-wrap\">\n<div class=\"wp-block-themeisle-blocks-advanced-column\" id=\"wp-block-themeisle-blocks-advanced-column-10007bc1\">\n<figure class=\"wp-block-image size-large\"><img loading=\"lazy\" decoding=\"async\" width=\"1919\" height=\"2560\" src=\"https:\/\/roid-consulting.com\/wp-content\/uploads\/2022\/01\/IMG_8693-edited-scaled.jpg\" alt=\"\" class=\"wp-image-2249\" srcset=\"https:\/\/roid-consulting.com\/wp-content\/uploads\/2022\/01\/IMG_8693-edited-scaled.jpg 1919w, https:\/\/roid-consulting.com\/wp-content\/uploads\/2022\/01\/IMG_8693-edited-225x300.jpg 225w, https:\/\/roid-consulting.com\/wp-content\/uploads\/2022\/01\/IMG_8693-edited-768x1025.jpg 768w, https:\/\/roid-consulting.com\/wp-content\/uploads\/2022\/01\/IMG_8693-edited-1151x1536.jpg 1151w, https:\/\/roid-consulting.com\/wp-content\/uploads\/2022\/01\/IMG_8693-edited-1535x2048.jpg 1535w\" sizes=\"auto, (max-width: 1919px) 100vw, 1919px\" \/><\/figure>\n\n\n\n<h3 class=\"has-text-align-center has-neve-text-color-color has-text-color wp-block-heading\" id=\"wolfgang-roid\"> Wolfgang Roid <\/h3>\n\n\n\n<span id=\"wp-block-themeisle-blocks-advanced-heading-e4fbb7f2\" class=\"wp-block-themeisle-blocks-advanced-heading wp-block-themeisle-blocks-advanced-heading-e4fbb7f2\"><strong>Gr\u00fcnder \/ CEO<\/strong><\/span>\n\n\n\n<p class=\"has-text-align-center\"> Dipl.-Ing. Maschinenbau<\/p>\n\n\n\n<p class=\"has-text-align-center has-neve-text-color-color has-text-color\" style=\"font-size:15px\"><a href=\".tel\" target=\"_blank\" rel=\"noreferrer noopener\">+49  151 21595839<\/a><\/p>\n\n\n\n<p class=\"has-text-align-center has-neve-text-color-color has-text-color\" style=\"font-size:15px\"><a href=\"mailto:office@roid-consulting.com\">office@roid-consulting.com<\/a><br><\/p>\n\n\n\n<hr class=\"wp-block-separator has-text-color has-background has-neve-text-color-background-color has-neve-text-color-color\"\/>\n<\/div>\n\n\n\n<div class=\"wp-block-themeisle-blocks-advanced-column\" id=\"wp-block-themeisle-blocks-advanced-column-a0bf2479\">\n<figure class=\"wp-block-image size-large is-resized\"><img loading=\"lazy\" decoding=\"async\" src=\"https:\/\/roid-consulting.com\/wp-content\/uploads\/2022\/01\/2019-04-17-22-34-41-edited-1-scaled.jpg\" alt=\"\" class=\"wp-image-2248\" width=\"526\" height=\"702\" srcset=\"https:\/\/roid-consulting.com\/wp-content\/uploads\/2022\/01\/2019-04-17-22-34-41-edited-1-scaled.jpg 1916w, https:\/\/roid-consulting.com\/wp-content\/uploads\/2022\/01\/2019-04-17-22-34-41-edited-1-225x300.jpg 225w, https:\/\/roid-consulting.com\/wp-content\/uploads\/2022\/01\/2019-04-17-22-34-41-edited-1-766x1024.jpg 766w, https:\/\/roid-consulting.com\/wp-content\/uploads\/2022\/01\/2019-04-17-22-34-41-edited-1-768x1026.jpg 768w, https:\/\/roid-consulting.com\/wp-content\/uploads\/2022\/01\/2019-04-17-22-34-41-edited-1-1150x1536.jpg 1150w, https:\/\/roid-consulting.com\/wp-content\/uploads\/2022\/01\/2019-04-17-22-34-41-edited-1-1533x2048.jpg 1533w\" sizes=\"auto, (max-width: 526px) 100vw, 526px\" \/><\/figure>\n\n\n\n<h3 class=\"has-text-align-center wp-block-heading\" id=\"erwin-weiss\"> Erwin Wei\u00df<\/h3>\n\n\n\n<span id=\"wp-block-themeisle-blocks-advanced-heading-185afb13\" class=\"wp-block-themeisle-blocks-advanced-heading wp-block-themeisle-blocks-advanced-heading-185afb13\"><strong><strong>Freier Mitarbeiter<\/strong><\/strong><\/span>\n\n\n\n<p class=\"has-text-align-center\"> Dr. -Ing. Maschinenbau<\/p>\n\n\n\n<p class=\"has-text-align-center has-neve-text-color-color has-text-color\" style=\"font-size:15px\"><a href=\".tel\" target=\"_blank\" rel=\"noreferrer noopener\">+49  152 33685208<\/a><\/p>\n\n\n\n<p class=\"has-text-align-center has-neve-text-color-color has-text-color\" style=\"font-size:15px\"><a href=\"mailto:erwin.weiss@roid-consulting.com\">erwin.weiss@roid-consulting.com<\/a><br><\/p>\n\n\n\n<hr class=\"wp-block-separator has-text-color has-background has-neve-text-color-background-color has-neve-text-color-color\"\/>\n<\/div>\n<\/div><\/div>\n\n\n\n<div class=\"wp-block-themeisle-blocks-advanced-columns alignfull has-2-columns has-desktop-equal-layout has-tablet-equal-layout has-mobile-collapsedRows-layout has-nogap-gap has-vertical-unset\" id=\"wp-block-themeisle-blocks-advanced-columns-c2838c57\"><div class=\"wp-block-themeisle-blocks-advanced-columns-overlay\"><\/div><div class=\"innerblocks-wrap\">\n<div class=\"wp-block-themeisle-blocks-advanced-column\" id=\"wp-block-themeisle-blocks-advanced-column-f0c129e1\">\n<h3 class=\"has-text-align-left has-neve-text-color-color has-text-color wp-block-heading\" id=\"wolfgang-roid\"> Wolfgang Roid:<\/h3>\n\n\n\n<p>Studium TU M\u00fcnchen, Abschluss Dipl.-Ing Allgemeiner Maschinenbau<\/p>\n\n\n\n<p>F\u00fcr 1 Jahr wissenschaftlicher Mitarbeiter an TU M\u00fcnchen Lehrstuhl f\u00fcr Mechanik und Spannungsoptik<\/p>\n\n\n\n<p>Leiter Produktion und Entwicklung bei Rottenkolber Holo Systeme: Entwicklung und Produktion von lasergest\u00fctzten Pr\u00fcfsystemen auf Basis von Doppelbelichtungs-Interferometrie<\/p>\n\n\n\n<p>30 Jahre Vertriebsleiter und Leiter verschiedener Gesch\u00e4ftsbereiche bei der Firma Schleifring:<\/p>\n\n\n\n<p><br>&#8211; Leitung von international agierenden Vertriebsteams<br>&#8211; Aufbau von internationalen Vertriebsstrukturen \u00fcber<br>  Tochterfirmen und selbstst\u00e4ndige Provisionsvertreter.<\/p>\n\n\n\n<hr class=\"wp-block-separator\"\/>\n<\/div>\n\n\n\n<div class=\"wp-block-themeisle-blocks-advanced-column\" id=\"wp-block-themeisle-blocks-advanced-column-bf683062\">\n<h3 class=\"wp-block-heading\" id=\"erwin-weiss\">Erwin Wei\u00df:<\/h3>\n\n\n\n<p>Studium TU M\u00fcnchen, Abschluss Dipl.-Ing Allgemeiner Maschinenbau<\/p>\n\n\n\n<p>5 Jahre wissenschaftlicher Mitarbeiter an TU M\u00fcnchen Forschungen im Bereich Unfallrekonstruktion und Abschluss als Dr.-Ing. Maschinenbau<\/p>\n\n\n\n<p>\u00dcber 30 Jahre bei der BMW Group in verantwortlicher Position  in den Bereichen Fahrwerksentwicklung,  internationaler Aftersales, Qualit\u00e4tsmanagement und  Gew\u00e4hrleistung und Kulanz t\u00e4tig<\/p>\n\n\n\n<p>Fundierte Erfahrung und Praxis in:<br>&#8211; Qualit\u00e4tsmanagement<br>&#8211; Projekt- und Change-Management<br>&#8211; Gew\u00e4hrleistungsstrategien und Prozesse<br>&#8211; Vertrieb und Aftersales<br>&#8211; Automobiltechnik<\/p>\n\n\n\n<hr class=\"wp-block-separator has-text-color has-background has-neve-text-color-background-color has-neve-text-color-color\"\/>\n<\/div>\n<\/div><\/div>\n\n\n\n<div class=\"wp-block-themeisle-blocks-advanced-columns alignfull has-2-columns has-desktop-equal-layout has-tablet-equal-layout has-mobile-collapsedRows-layout has-nogap-gap has-vertical-unset\" id=\"wp-block-themeisle-blocks-advanced-columns-965748d4\"><div class=\"wp-block-themeisle-blocks-advanced-columns-overlay\"><\/div><div class=\"innerblocks-wrap\">\n<div class=\"wp-block-themeisle-blocks-advanced-column\" id=\"wp-block-themeisle-blocks-advanced-column-b88b4c0e\">\n<h2 id=\"wp-block-themeisle-blocks-advanced-heading-b9940d2a\" class=\"wp-block-themeisle-blocks-advanced-heading wp-block-themeisle-blocks-advanced-heading-b9940d2a\">Wir freuen uns auf Ihre Nachricht.<\/h2>\n<\/div>\n\n\n\n<div class=\"wp-block-themeisle-blocks-advanced-column\" id=\"wp-block-themeisle-blocks-advanced-column-7bd58b5b\">\n<div id=\"wp-block-themeisle-blocks-button-group-321c56f9\" class=\"wp-block-themeisle-blocks-button-group wp-block-buttons\">\n<div id=\"wp-block-themeisle-blocks-button-979168aa\" class=\"wp-block-themeisle-blocks-button wp-block-button\"><a href=\"https:\/\/roid-consulting.com\/?page_id=26\" target=\"_self\" rel=\"noopener noreferrer\" class=\"wp-block-button__link\"><span>Kontakt<\/span><\/a><\/div>\n<\/div>\n<\/div>\n<\/div><\/div>\n","protected":false},"excerpt":{"rendered":"","protected":false},"author":1,"featured_media":0,"parent":0,"menu_order":0,"comment_status":"closed","ping_status":"closed","template":"page-templates\/template-pagebuilder-full-width.php","meta":{"neve_meta_sidebar":"full-width","neve_meta_container":"contained","neve_meta_enable_content_width":"on","neve_meta_content_width":100,"neve_meta_title_alignment":"","neve_meta_author_avatar":"","neve_post_elements_order":"","neve_meta_disable_header":"","neve_meta_disable_footer":"","neve_meta_disable_title":"on","_themeisle_gutenberg_block_has_review":false,"footnotes":""},"class_list":["post-82","page","type-page","status-publish","hentry"],"yoast_head":"<!-- This site is optimized with the Yoast SEO plugin v27.4 - https:\/\/yoast.com\/product\/yoast-seo-wordpress\/ -->\n<title>\u00dcber uns - ROID Consulting<\/title>\n<meta name=\"robots\" content=\"index, follow, max-snippet:-1, max-image-preview:large, max-video-preview:-1\" \/>\n<link rel=\"canonical\" href=\"https:\/\/roid-consulting.com\/?page_id=82\" \/>\n<meta property=\"og:locale\" content=\"de_DE\" \/>\n<meta property=\"og:type\" content=\"article\" \/>\n<meta property=\"og:title\" content=\"\u00dcber uns - ROID Consulting\" \/>\n<meta property=\"og:url\" content=\"https:\/\/roid-consulting.com\/?page_id=82\" \/>\n<meta property=\"og:site_name\" content=\"ROID Consulting\" \/>\n<meta property=\"article:modified_time\" content=\"2022-02-05T16:07:27+00:00\" \/>\n<meta property=\"og:image\" content=\"https:\/\/roid-consulting.com\/wp-content\/uploads\/2022\/01\/IMG_8693-edited-scaled.jpg\" \/>\n<meta name=\"twitter:card\" content=\"summary_large_image\" \/>\n<meta name=\"twitter:label1\" content=\"Gesch\u00e4tzte Lesezeit\" \/>\n\t<meta name=\"twitter:data1\" content=\"2\u00a0Minuten\" \/>\n<script type=\"application\/ld+json\" class=\"yoast-schema-graph\">{\"@context\":\"https:\\\/\\\/schema.org\",\"@graph\":[{\"@type\":\"WebPage\",\"@id\":\"https:\\\/\\\/roid-consulting.com\\\/?page_id=82\",\"url\":\"https:\\\/\\\/roid-consulting.com\\\/?page_id=82\",\"name\":\"\u00dcber uns - ROID Consulting\",\"isPartOf\":{\"@id\":\"https:\\\/\\\/roid-consulting.com\\\/#website\"},\"primaryImageOfPage\":{\"@id\":\"https:\\\/\\\/roid-consulting.com\\\/?page_id=82#primaryimage\"},\"image\":{\"@id\":\"https:\\\/\\\/roid-consulting.com\\\/?page_id=82#primaryimage\"},\"thumbnailUrl\":\"https:\\\/\\\/roid-consulting.com\\\/wp-content\\\/uploads\\\/2022\\\/01\\\/IMG_8693-edited-scaled.jpg\",\"datePublished\":\"2020-04-04T11:59:04+00:00\",\"dateModified\":\"2022-02-05T16:07:27+00:00\",\"breadcrumb\":{\"@id\":\"https:\\\/\\\/roid-consulting.com\\\/?page_id=82#breadcrumb\"},\"inLanguage\":\"de\",\"potentialAction\":[{\"@type\":\"ReadAction\",\"target\":[\"https:\\\/\\\/roid-consulting.com\\\/?page_id=82\"]}]},{\"@type\":\"ImageObject\",\"inLanguage\":\"de\",\"@id\":\"https:\\\/\\\/roid-consulting.com\\\/?page_id=82#primaryimage\",\"url\":\"https:\\\/\\\/roid-consulting.com\\\/wp-content\\\/uploads\\\/2022\\\/01\\\/IMG_8693-edited-scaled.jpg\",\"contentUrl\":\"https:\\\/\\\/roid-consulting.com\\\/wp-content\\\/uploads\\\/2022\\\/01\\\/IMG_8693-edited-scaled.jpg\",\"width\":1919,\"height\":2560},{\"@type\":\"BreadcrumbList\",\"@id\":\"https:\\\/\\\/roid-consulting.com\\\/?page_id=82#breadcrumb\",\"itemListElement\":[{\"@type\":\"ListItem\",\"position\":1,\"name\":\"Startseite\",\"item\":\"https:\\\/\\\/roid-consulting.com\\\/\"},{\"@type\":\"ListItem\",\"position\":2,\"name\":\"\u00dcber uns\"}]},{\"@type\":\"WebSite\",\"@id\":\"https:\\\/\\\/roid-consulting.com\\\/#website\",\"url\":\"https:\\\/\\\/roid-consulting.com\\\/\",\"name\":\"ROID Consulting\",\"description\":\"Consulting, Vertrieb\",\"publisher\":{\"@id\":\"https:\\\/\\\/roid-consulting.com\\\/#organization\"},\"potentialAction\":[{\"@type\":\"SearchAction\",\"target\":{\"@type\":\"EntryPoint\",\"urlTemplate\":\"https:\\\/\\\/roid-consulting.com\\\/?s={search_term_string}\"},\"query-input\":{\"@type\":\"PropertyValueSpecification\",\"valueRequired\":true,\"valueName\":\"search_term_string\"}}],\"inLanguage\":\"de\"},{\"@type\":\"Organization\",\"@id\":\"https:\\\/\\\/roid-consulting.com\\\/#organization\",\"name\":\"ROID Consulting\",\"url\":\"https:\\\/\\\/roid-consulting.com\\\/\",\"logo\":{\"@type\":\"ImageObject\",\"inLanguage\":\"de\",\"@id\":\"https:\\\/\\\/roid-consulting.com\\\/#\\\/schema\\\/logo\\\/image\\\/\",\"url\":\"https:\\\/\\\/roid-consulting.com\\\/wp-content\\\/uploads\\\/2021\\\/11\\\/Logo.png\",\"contentUrl\":\"https:\\\/\\\/roid-consulting.com\\\/wp-content\\\/uploads\\\/2021\\\/11\\\/Logo.png\",\"width\":256,\"height\":295,\"caption\":\"ROID Consulting\"},\"image\":{\"@id\":\"https:\\\/\\\/roid-consulting.com\\\/#\\\/schema\\\/logo\\\/image\\\/\"},\"sameAs\":[\"https:\\\/\\\/www.linkedin.com\\\/in\\\/roid-wolfgang-90b30655\\\/?originalSubdomain=de\"]}]}<\/script>\n<!-- \/ Yoast SEO plugin. -->","yoast_head_json":{"title":"\u00dcber uns - ROID Consulting","robots":{"index":"index","follow":"follow","max-snippet":"max-snippet:-1","max-image-preview":"max-image-preview:large","max-video-preview":"max-video-preview:-1"},"canonical":"https:\/\/roid-consulting.com\/?page_id=82","og_locale":"de_DE","og_type":"article","og_title":"\u00dcber uns - ROID Consulting","og_url":"https:\/\/roid-consulting.com\/?page_id=82","og_site_name":"ROID Consulting","article_modified_time":"2022-02-05T16:07:27+00:00","og_image":[{"url":"https:\/\/roid-consulting.com\/wp-content\/uploads\/2022\/01\/IMG_8693-edited-scaled.jpg","type":"","width":"","height":""}],"twitter_card":"summary_large_image","twitter_misc":{"Gesch\u00e4tzte Lesezeit":"2\u00a0Minuten"},"schema":{"@context":"https:\/\/schema.org","@graph":[{"@type":"WebPage","@id":"https:\/\/roid-consulting.com\/?page_id=82","url":"https:\/\/roid-consulting.com\/?page_id=82","name":"\u00dcber uns - ROID Consulting","isPartOf":{"@id":"https:\/\/roid-consulting.com\/#website"},"primaryImageOfPage":{"@id":"https:\/\/roid-consulting.com\/?page_id=82#primaryimage"},"image":{"@id":"https:\/\/roid-consulting.com\/?page_id=82#primaryimage"},"thumbnailUrl":"https:\/\/roid-consulting.com\/wp-content\/uploads\/2022\/01\/IMG_8693-edited-scaled.jpg","datePublished":"2020-04-04T11:59:04+00:00","dateModified":"2022-02-05T16:07:27+00:00","breadcrumb":{"@id":"https:\/\/roid-consulting.com\/?page_id=82#breadcrumb"},"inLanguage":"de","potentialAction":[{"@type":"ReadAction","target":["https:\/\/roid-consulting.com\/?page_id=82"]}]},{"@type":"ImageObject","inLanguage":"de","@id":"https:\/\/roid-consulting.com\/?page_id=82#primaryimage","url":"https:\/\/roid-consulting.com\/wp-content\/uploads\/2022\/01\/IMG_8693-edited-scaled.jpg","contentUrl":"https:\/\/roid-consulting.com\/wp-content\/uploads\/2022\/01\/IMG_8693-edited-scaled.jpg","width":1919,"height":2560},{"@type":"BreadcrumbList","@id":"https:\/\/roid-consulting.com\/?page_id=82#breadcrumb","itemListElement":[{"@type":"ListItem","position":1,"name":"Startseite","item":"https:\/\/roid-consulting.com\/"},{"@type":"ListItem","position":2,"name":"\u00dcber uns"}]},{"@type":"WebSite","@id":"https:\/\/roid-consulting.com\/#website","url":"https:\/\/roid-consulting.com\/","name":"ROID Consulting","description":"Consulting, Vertrieb","publisher":{"@id":"https:\/\/roid-consulting.com\/#organization"},"potentialAction":[{"@type":"SearchAction","target":{"@type":"EntryPoint","urlTemplate":"https:\/\/roid-consulting.com\/?s={search_term_string}"},"query-input":{"@type":"PropertyValueSpecification","valueRequired":true,"valueName":"search_term_string"}}],"inLanguage":"de"},{"@type":"Organization","@id":"https:\/\/roid-consulting.com\/#organization","name":"ROID Consulting","url":"https:\/\/roid-consulting.com\/","logo":{"@type":"ImageObject","inLanguage":"de","@id":"https:\/\/roid-consulting.com\/#\/schema\/logo\/image\/","url":"https:\/\/roid-consulting.com\/wp-content\/uploads\/2021\/11\/Logo.png","contentUrl":"https:\/\/roid-consulting.com\/wp-content\/uploads\/2021\/11\/Logo.png","width":256,"height":295,"caption":"ROID Consulting"},"image":{"@id":"https:\/\/roid-consulting.com\/#\/schema\/logo\/image\/"},"sameAs":["https:\/\/www.linkedin.com\/in\/roid-wolfgang-90b30655\/?originalSubdomain=de"]}]}},"_links":{"self":[{"href":"https:\/\/roid-consulting.com\/index.php?rest_route=\/wp\/v2\/pages\/82","targetHints":{"allow":["GET"]}}],"collection":[{"href":"https:\/\/roid-consulting.com\/index.php?rest_route=\/wp\/v2\/pages"}],"about":[{"href":"https:\/\/roid-consulting.com\/index.php?rest_route=\/wp\/v2\/types\/page"}],"author":[{"embeddable":true,"href":"https:\/\/roid-consulting.com\/index.php?rest_route=\/wp\/v2\/users\/1"}],"replies":[{"embeddable":true,"href":"https:\/\/roid-consulting.com\/index.php?rest_route=%2Fwp%2Fv2%2Fcomments&post=82"}],"version-history":[{"count":38,"href":"https:\/\/roid-consulting.com\/index.php?rest_route=\/wp\/v2\/pages\/82\/revisions"}],"predecessor-version":[{"id":2679,"href":"https:\/\/roid-consulting.com\/index.php?rest_route=\/wp\/v2\/pages\/82\/revisions\/2679"}],"wp:attachment":[{"href":"https:\/\/roid-consulting.com\/index.php?rest_route=%2Fwp%2Fv2%2Fmedia&parent=82"}],"curies":[{"name":"wp","href":"https:\/\/api.w.org\/{rel}","templated":true}]}}